{"id":161,"date":"2018-07-05T15:56:46","date_gmt":"2018-07-05T13:56:46","guid":{"rendered":"https:\/\/rbolli.ch\/?page_id=161"},"modified":"2022-03-31T15:59:44","modified_gmt":"2022-03-31T14:59:44","slug":"161-2","status":"publish","type":"page","link":"https:\/\/nebenbeiblog.ch\/","title":{"rendered":""},"content":{"rendered":"<div id=\"pl-161\"  class=\"panel-layout\" ><div id=\"pg-161-0\"  class=\"panel-grid panel-no-style\" ><div id=\"pgc-161-0-0\"  class=\"panel-grid-cell\" ><div id=\"panel-161-0-0-0\" class=\"so-panel widget_text panel-first-child\" data-index=\"0\" >\t\t\t<div class=\"textwidget\"><p><strong>Wer<em> erstmals diese Seite besucht und sich wundert, worum es hier denn geht, darf sich das <\/em><em>Editorial<\/em><em> weiter unten zu Gem\u00fcte f\u00fchren. Man kann aber auch ohne weitere Umst\u00e4nde im\u00a0 Men\u00fc \u00ab<a href=\"https:\/\/nebenbeiblog.ch\/?cat=6\">Themen<\/a>\u00bb oder <a href=\"https:\/\/nebenbeiblog.ch\/?page_id=1484\">\u00abInhalt\u00bb<\/a><\/em><\/strong> <strong><em>anklicken und gelangt damit zu Notizen, <\/em><\/strong><strong><em>Einf\u00e4llen und <\/em><\/strong><strong><em>Betrachtungen zu mehr oder weniger wichtigen oder auch nur wunderlichen Erscheinungen des Zeitgeschehens.\u00a0<\/em><\/strong><\/p>\n<\/div>\n\t\t<\/div><div id=\"panel-161-0-0-1\" class=\"so-panel widget_text\" data-index=\"1\" ><h3 class=\"widget-title\">Speziell empfohlen:<\/h3>\t\t\t<div class=\"textwidget\"><p><a href=\"https:\/\/nebenbeiblog.ch\/?cat=97\"><strong>Aus der Opernwelt.<\/strong><\/a> Sind Opern eigentlich auch Kulturg\u00fcter? Unter Schutz stehen sie jedenfalls nicht, wie die Beitr\u00e4ge unter dem Thema <a href=\"https:\/\/nebenbeiblog.ch\/?cat=97\">Oper<\/a> vermuten lassen.<\/p>\n<p><a href=\"https:\/\/nebenbeiblog.ch\/?p=580\"><strong>Was f\u00fcr ein Tier ist das Kmu?<\/strong><\/a> Es gibt weder das Kmu noch das KMU. Aber beides geistert st\u00e4ndig durch den Bl\u00e4tterwald. Dabei m\u00fcsste man sich entweder f\u00fcr das KU oder das MU entscheiden.<\/p>\n<p><b><a href=\"https:\/\/nebenbeiblog.ch\/?p=607\">Geschockt in der Enge der d\u00fcnnen Luft.<\/a>\u00a0<\/b>Wenn es eng wird und die Luft d\u00fcnn, dann lesen wir wahrscheinlich Zeitung und hoffen, nicht geschockt zu werden.<\/p>\n<p><a href=\"https:\/\/nebenbeiblog.ch\/?cat=6\"><strong>Sprachliches<\/strong><\/a> heisst eine Kategorie der Themen in diesem Blog. Was man mit der Sprache nicht alles erleben kann!<\/p>\n<p><strong><a href=\"https:\/\/nebenbeiblog.ch\/?cat=13\">NZZ-Archivalien<\/a>: <\/strong>Wenn ich beim St\u00f6bern auf einen eigenen alten Text stosse, finde ich beim einen oder andern, dass er auch heute noch lesenswert sein k\u00f6nnte. Hier also eine Auswahl aus der Fundgrube.<\/p>\n<\/div>\n\t\t<\/div><div id=\"panel-161-0-0-2\" class=\"so-panel widget_text panel-last-child\" data-index=\"2\" ><div id=\"903\" class=\"panel-widget-style panel-widget-style-for-161-0-0-2\" ><h3 class=\"widget-title\">Quasi ein Editorial<\/h3>\t\t\t<div class=\"textwidget\"><p>Editorials sind meistens ziemlich \u00fcberfl\u00fcssig. Aber hier scheint eine Erkl\u00e4rung zu dem Blog angebracht. Vor Jahrzehnten schrieb ich in der NZZ unter der von mir eingef\u00fchrten Rubrik \u00abNebenbei notiert\u00bb Glossen, Bemerkungen, Betrachtungen zu Dingen, die unwichtig genug waren, um meine beil\u00e4ufige Aufmerksamkeit zu finden. Hier kn\u00fcpfe ich wenigstens mit dem Namen daran an. Man m\u00f6chte ja oft gerne auch seinen Senf dazu geben, wenn man die Zeitung liest oder das Alltagsgeschehen beobachtet. In diesem Sinne dr\u00fccke ich hier also auf die Tube. Das t\u00f6nt jetzt vielleicht etwas leichtfertig. Aber ich werde mich nicht davon abhalten lassen, gelegentlich auch gewichtigere Themen aufzugreifen.<\/p>\n<p>Weitere, vertiefende Informationen im\u00a0<a href=\"https:\/\/nebenbeiblog.ch\/?p=214\">Rabenbekenntnis<\/a>.<\/p>\n<\/div>\n\t\t<\/div><\/div><\/div><\/div><\/div>","protected":false},"excerpt":{"rendered":"<p>Wer erstmals diese Seite besucht und sich wundert, worum es hier denn geht, darf sich das Editorial weiter unten zu Gem\u00fcte f\u00fchren. Man kann aber auch ohne weitere Umst\u00e4nde im\u00a0 Men\u00fc \u00abThemen\u00bb oder \u00abInhalt\u00bb anklicken und gelangt damit zu Notizen, Einf\u00e4llen und Betrachtungen zu mehr oder weniger wichtigen oder auch nur wunderlichen Erscheinungen des Zeitgeschehens.\u00a0<\/p>\n","protected":false},"author":3,"featured_media":0,"parent":0,"menu_order":0,"comment_status":"closed","ping_status":"closed","template":"","meta":{"footnotes":""},"class_list":["post-161","page","type-page","status-publish","hentry"],"_links":{"self":[{"href":"https:\/\/nebenbeiblog.ch\/index.php?rest_route=\/wp\/v2\/pages\/161","targetHints":{"allow":["GET"]}}],"collection":[{"href":"https:\/\/nebenbeiblog.ch\/index.php?rest_route=\/wp\/v2\/pages"}],"about":[{"href":"https:\/\/nebenbeiblog.ch\/index.php?rest_route=\/wp\/v2\/types\/page"}],"author":[{"embeddable":true,"href":"https:\/\/nebenbeiblog.ch\/index.php?rest_route=\/wp\/v2\/users\/3"}],"replies":[{"embeddable":true,"href":"https:\/\/nebenbeiblog.ch\/index.php?rest_route=%2Fwp%2Fv2%2Fcomments&post=161"}],"version-history":[{"count":188,"href":"https:\/\/nebenbeiblog.ch\/index.php?rest_route=\/wp\/v2\/pages\/161\/revisions"}],"predecessor-version":[{"id":1502,"href":"https:\/\/nebenbeiblog.ch\/index.php?rest_route=\/wp\/v2\/pages\/161\/revisions\/1502"}],"wp:attachment":[{"href":"https:\/\/nebenbeiblog.ch\/index.php?rest_route=%2Fwp%2Fv2%2Fmedia&parent=161"}],"curies":[{"name":"wp","href":"https:\/\/api.w.org\/{rel}","templated":true}]}}