{"id":255,"date":"2019-06-17T19:10:09","date_gmt":"2019-06-17T17:10:09","guid":{"rendered":"https:\/\/nebenbeiblog.ch\/?page_id=255"},"modified":"2021-04-28T12:57:34","modified_gmt":"2021-04-28T10:57:34","slug":"datenschutz-und-haftung","status":"publish","type":"page","link":"https:\/\/nebenbeiblog.ch\/?page_id=255","title":{"rendered":"Datenschutz und Haftung"},"content":{"rendered":"<h2>Umgang mit Daten von Besuchern der Webseite<\/h2>\n<h3><strong>Allgemein<\/strong><\/h3>\n<p>Die Webseite https:\/\/nebenbeiblog.ch. verlangt von ihren Besuchern keine pers\u00f6nlichen Daten. Die Benutzung erfordert keine Registrierung, ausser f\u00fcr den Kommentarbereich.<\/p>\n<h3><strong>Daten von Verfassern von Kommentaren<\/strong><\/h3>\n<p>Von Verfassern von Kommentaren werden die von ihnen gelieferten Angaben (Name, E-Mail-Adresse, allenfalls Website)\u00a0 und der Inhalt des Kommentars gespeichert. Auch die Daten von nicht freigegebenen Kommentaren bleiben gespeichert, bis sie vom Administrator definitiv gel\u00f6scht werden. Es werden keine Daten an Dritte weitergegeben. Aussenstehenden ist nur das im Kommentarbereich Ver\u00f6ffentlichte zug\u00e4nglich.<\/p>\n<h3><strong>Weitere Daten<\/strong><\/h3>\n<p>Ferner verwendet der Server <strong>wordpress.org<\/strong>, mit dem die Webseite betrieben wird, die f\u00fcr das Anzeigen der Seite erforderlichen Daten des Besuchers, n\u00e4mlich die IP-Adresse und Angaben \u00fcber dessen Browser und Computer.<\/p>\n<p>\u00dcber den Umgang von wordpress.org mit Daten orientiert folgende Seite:<\/p>\n<p style=\"text-align: center;\"><strong><a href=\"https:\/\/de.wordpress.org\/about\/privacy\/\">https:\/\/de.wordpress.org\/about\/privacy\/<\/a><\/strong><\/p>\n<h2>Haftung und Copyright<\/h2>\n<p>F\u00fcr den Inhalt der Beitr\u00e4ge ist der Autor der Webseite als Redaktor verantwortlich. Ausgenommen sind die Kommentare von Besuchern, f\u00fcr die ihre Verfasser haften. Kommentare, die offensichtlich rechtswidrig sind, werden nicht ver\u00f6ffentlicht. Der Autor von nebenbeiblog.ch \u00fcber nimmt keine Verantwortung f\u00fcr Inhalte von dritter Seite, auf die mit Links in den Beitr\u00e4gen verwiesen wird.<\/p>\n<p>Das Urheberrecht f\u00fcr alle Beitr\u00e4ge in Nebenbeiblog, ausgenommen die Inhalte der Kommentare, liegt beim Autor der Webseite.<\/p>\n<h3><\/h3>\n","protected":false},"excerpt":{"rendered":"<p>Umgang mit Daten von Besuchern der Webseite Allgemein Die Webseite https:\/\/nebenbeiblog.ch. verlangt von ihren Besuchern keine pers\u00f6nlichen Daten. Die Benutzung erfordert keine Registrierung, ausser f\u00fcr den Kommentarbereich. Daten von Verfassern von Kommentaren Von Verfassern von Kommentaren werden die von ihnen gelieferten Angaben (Name, E-Mail-Adresse, allenfalls Website)\u00a0 und der Inhalt des Kommentars gespeichert. Auch die Daten &hellip; <a href=\"https:\/\/nebenbeiblog.ch\/?page_id=255\" class=\"more-link\"><span class=\"screen-reader-text\">&#8222;Datenschutz und Haftung&#8220; <\/span>weiterlesen<\/a><\/p>\n","protected":false},"author":3,"featured_media":0,"parent":161,"menu_order":1,"comment_status":"closed","ping_status":"closed","template":"","meta":{"footnotes":""},"class_list":["post-255","page","type-page","status-publish","hentry"],"_links":{"self":[{"href":"https:\/\/nebenbeiblog.ch\/index.php?rest_route=\/wp\/v2\/pages\/255","targetHints":{"allow":["GET"]}}],"collection":[{"href":"https:\/\/nebenbeiblog.ch\/index.php?rest_route=\/wp\/v2\/pages"}],"about":[{"href":"https:\/\/nebenbeiblog.ch\/index.php?rest_route=\/wp\/v2\/types\/page"}],"author":[{"embeddable":true,"href":"https:\/\/nebenbeiblog.ch\/index.php?rest_route=\/wp\/v2\/users\/3"}],"replies":[{"embeddable":true,"href":"https:\/\/nebenbeiblog.ch\/index.php?rest_route=%2Fwp%2Fv2%2Fcomments&post=255"}],"version-history":[{"count":9,"href":"https:\/\/nebenbeiblog.ch\/index.php?rest_route=\/wp\/v2\/pages\/255\/revisions"}],"predecessor-version":[{"id":1064,"href":"https:\/\/nebenbeiblog.ch\/index.php?rest_route=\/wp\/v2\/pages\/255\/revisions\/1064"}],"up":[{"embeddable":true,"href":"https:\/\/nebenbeiblog.ch\/index.php?rest_route=\/wp\/v2\/pages\/161"}],"wp:attachment":[{"href":"https:\/\/nebenbeiblog.ch\/index.php?rest_route=%2Fwp%2Fv2%2Fmedia&parent=255"}],"curies":[{"name":"wp","href":"https:\/\/api.w.org\/{rel}","templated":true}]}}